{"id":23,"date":"2016-02-12T08:12:49","date_gmt":"2016-02-12T08:12:49","guid":{"rendered":"http:\/\/demos.famethemes.com\/onepress\/?page_id=23"},"modified":"2023-03-15T16:02:03","modified_gmt":"2023-03-15T16:02:03","slug":"service-title-1","status":"publish","type":"page","link":"https:\/\/sigmaplasticos.com.br\/index.php\/service-title-1\/","title":{"rendered":"Acrilico Colorido"},"content":{"rendered":"\n<figure class=\"wp-block-image size-full is-resized\"><img loading=\"lazy\" decoding=\"async\" src=\"https:\/\/sigmaplasticos.com.br\/wp-content\/uploads\/2023\/03\/Acrilico-colorido_sigmaplasticos.jpg\" alt=\"\" class=\"wp-image-1464\" width=\"353\" height=\"185\" srcset=\"https:\/\/sigmaplasticos.com.br\/wp-content\/uploads\/2023\/03\/Acrilico-colorido_sigmaplasticos.jpg 540w, https:\/\/sigmaplasticos.com.br\/wp-content\/uploads\/2023\/03\/Acrilico-colorido_sigmaplasticos-300x157.jpg 300w\" sizes=\"auto, (max-width: 353px) 100vw, 353px\" \/><\/figure>\n\n\n<p><strong>Propriedades Gerais<\/strong><\/p>\n<p>O acr\u00edlico \u00e9 um dos materiais mais vers\u00e1teis, com utiliza\u00e7\u00e3o em diversos tipos de trabalho, objetos decorativos, brindes, fachadas, luminosos e na constru\u00e7\u00e3o civil, principalmente em coberturas, domos, protetores ac\u00fasticos, parapeitos de sacadas etc. Suas principais vantagens s\u00e3o:<\/p>\n<p>Durabilidade: cerca de 10 anos resistindo a sol, chuvas, tempestades e todo tipo de intemp\u00e9rie;<\/p>\n<p>Variedade: voc\u00ea encontra as chapas de acr\u00edlico em in\u00fameras cores e espessuras, que permitem diferentes formas de moldagem;<\/p>\n<p>Maior difus\u00e3o de luz, flexibilidade e transpar\u00eancia: voc\u00ea valoriza suas fachadas, luminosos e coberturas;<\/p>\n<p>Garantia contra o amarelado do tempo: o acr\u00edlico mant\u00e9m as cores originais e a transpar\u00eancia, por ser protegido contra os raios solares UV.<\/p>\n<p>O acr\u00edlico tem menor resist\u00eancia \u00e0 tra\u00e7\u00e3o e menor rigidez que o vidro e o Policarbonato. A resist\u00eancia \u00e0 tra\u00e7\u00e3o diminui gradualmente com o aumento da temperatura.<\/p>\n<p>Em aplica\u00e7\u00f5es como vidra\u00e7as, as chapas acr\u00edlicas necessitam de espessura 1,5 a 2,5 vezes maior que o vidro para manter a mesma rigidez. Possui boa resist\u00eancia ao impacto, na quebra, e a chapa acr\u00edlica n\u00e3o estilha\u00e7a como o vidro. O acr\u00edlico quebra em peda\u00e7os n\u00e3o cortantes e \u00e9 um material sens\u00edvel ao entalhe. Uma chapa acr\u00edlica tem a metade do peso de uma chapa de vidro de mesmo tamanho e espessura.<\/p>\n<p>\u00a0<\/p>\n<p><strong>Propriedades T\u00e9rmicas<\/strong><\/p>\n<p>Melhor resist\u00eancia a choques t\u00e9rmicos que o vidro;<\/p>\n<p>Chapas acr\u00edlicas podem contrair ou expandir devido a mudan\u00e7as de temperatura e umidade.<\/p>\n<p>\u00a0<\/p>\n\n\n<figure class=\"wp-block-image size-full\"><img loading=\"lazy\" decoding=\"async\" width=\"431\" height=\"108\" src=\"https:\/\/sigmaplasticos.com.br\/wp-content\/uploads\/2023\/03\/sigmaplasticos_com_br_comparativo-dados_chapa.jpg\" alt=\"\" class=\"wp-image-1466\" srcset=\"https:\/\/sigmaplasticos.com.br\/wp-content\/uploads\/2023\/03\/sigmaplasticos_com_br_comparativo-dados_chapa.jpg 431w, https:\/\/sigmaplasticos.com.br\/wp-content\/uploads\/2023\/03\/sigmaplasticos_com_br_comparativo-dados_chapa-300x75.jpg 300w\" sizes=\"auto, (max-width: 431px) 100vw, 431px\" \/><\/figure>\n\n\n\n<p>Visando melhor adequa\u00e7\u00e3o do uso do acr\u00edlico com l\u00e2mpadas incandescentes, recomenda-se as temperaturas m\u00e1ximas citadas na tabela abaixo para uso cont\u00ednuo em pe\u00e7as de ilumina\u00e7\u00e3o, ajustando-se a dist\u00e2ncia da fonte luminosa das chapas acr\u00edlicas:<\/p>\n\n\n\n<figure class=\"wp-block-image size-full is-resized\"><img loading=\"lazy\" decoding=\"async\" src=\"https:\/\/sigmaplasticos.com.br\/wp-content\/uploads\/2023\/03\/sigmaplasticos_com_br_temperatura_chapa.jpg\" alt=\"\" class=\"wp-image-1467\" width=\"430\" height=\"98\" srcset=\"https:\/\/sigmaplasticos.com.br\/wp-content\/uploads\/2023\/03\/sigmaplasticos_com_br_temperatura_chapa.jpg 431w, https:\/\/sigmaplasticos.com.br\/wp-content\/uploads\/2023\/03\/sigmaplasticos_com_br_temperatura_chapa-300x68.jpg 300w\" sizes=\"auto, (max-width: 430px) 100vw, 430px\" \/><\/figure>\n\n\n\n<p><strong>Propriedades Qu\u00edmicas<\/strong><\/p>\n\n\n\n<p>Boa resist\u00eancia qu\u00edmica<\/p>\n\n\n\n<p>\u00c1cidos dilu\u00eddos (ex: vinagre)<\/p>\n\n\n\n<p>Solu\u00e7\u00f5es de bases inorg\u00e2nicas<\/p>\n\n\n\n<p>(ex: am\u00f4nia, \u00e1gua sanit\u00e1ria)<\/p>\n\n\n\n<p>Solventes org\u00e2nicos apolares (ex: hexano, aguarr\u00e1s, querosene)<\/p>\n\n\n\n<p>Bebidas alco\u00f3licas (Ex. cerveja, vinho, whisky, aguardentes, etc.)<\/p>\n\n\n\n<p>Xaropes aliment\u00edcios e farmac\u00eauticos<\/p>\n\n\n\n<p>\u00d3leos vegetais<\/p>\n\n\n\n<p>Baixa resist\u00eancia qu\u00edmica<\/p>\n\n\n\n<p>Solventes arom\u00e1ticos (ex: benzeno, tolueno)<\/p>\n\n\n\n<p>Hidrocarbonetos clorados (ex: CCl4)<\/p>\n\n\n\n<p>\u00c1cidos org\u00e2nicos (ex: \u00e1cido ac\u00e9tico)<\/p>\n\n\n\n<p>\u00c9steres, cetonas<\/p>\n\n\n\n<p>Graxas e \u00f3leos<\/p>\n\n\n\n<p>\u00c1lcoois e Tiner (diluente de tintas)<\/p>\n\n\n\n<p>Soda c\u00e1ustica<\/p>\n\n\n\n<p><strong>Seguran\u00e7a e precau\u00e7\u00f5es contra inc\u00eandio<\/strong><\/p>\n\n\n\n<p>Chapas e resinas acr\u00edlicas s\u00e3o termopl\u00e1sticos combust\u00edveis e, por isso, devem ser tomadas as devidas precau\u00e7\u00f5es de prote\u00e7\u00e3o contra chamas e fontes de alto aquecimento. Em geral, produtos acr\u00edlicos queimam rapidamente at\u00e9 desaparecerem, caso o fogo n\u00e3o seja apagado a tempo.<\/p>\n\n\n\n<p>Assim, deve-se avaliar adequadamente o uso destes materiais e recomenda-se que os c\u00f3digos de constru\u00e7\u00e3o civil sejam rigorosamente seguidos, assegurando a aplica\u00e7\u00e3o correta do material. As propriedades sobre flamabilidade de chapas acr\u00edlicas Fundidas ou \u201cCast\u201d e Extrusadas est\u00e3o assim relacionadas:<\/p>\n\n\n\n<figure class=\"wp-block-image size-full is-resized\"><img loading=\"lazy\" decoding=\"async\" src=\"https:\/\/sigmaplasticos.com.br\/wp-content\/uploads\/2023\/03\/sigmaplasticos_com_br_propriedade_chapa-300x104-1.jpg\" alt=\"\" class=\"wp-image-1469\" width=\"431\" height=\"149\"\/><\/figure>\n","protected":false},"excerpt":{"rendered":"<p>O acr\u00edlico \u00e9 um dos materiais mais vers\u00e1teis, com utiliza\u00e7\u00e3o em diversos tipos de trabalho \u2013 objetos decorativos, brindes, fachadas, luminosos \u2013 e na constru\u00e7\u00e3o civil<\/p>\n","protected":false},"author":1,"featured_media":1464,"parent":0,"menu_order":0,"comment_status":"closed","ping_status":"closed","template":"","meta":{"footnotes":""},"class_list":["post-23","page","type-page","status-publish","has-post-thumbnail","hentry"],"_links":{"self":[{"href":"https:\/\/sigmaplasticos.com.br\/index.php\/wp-json\/wp\/v2\/pages\/23","targetHints":{"allow":["GET"]}}],"collection":[{"href":"https:\/\/sigmaplasticos.com.br\/index.php\/wp-json\/wp\/v2\/pages"}],"about":[{"href":"https:\/\/sigmaplasticos.com.br\/index.php\/wp-json\/wp\/v2\/types\/page"}],"author":[{"embeddable":true,"href":"https:\/\/sigmaplasticos.com.br\/index.php\/wp-json\/wp\/v2\/users\/1"}],"replies":[{"embeddable":true,"href":"https:\/\/sigmaplasticos.com.br\/index.php\/wp-json\/wp\/v2\/comments?post=23"}],"version-history":[{"count":5,"href":"https:\/\/sigmaplasticos.com.br\/index.php\/wp-json\/wp\/v2\/pages\/23\/revisions"}],"predecessor-version":[{"id":1503,"href":"https:\/\/sigmaplasticos.com.br\/index.php\/wp-json\/wp\/v2\/pages\/23\/revisions\/1503"}],"wp:featuredmedia":[{"embeddable":true,"href":"https:\/\/sigmaplasticos.com.br\/index.php\/wp-json\/wp\/v2\/media\/1464"}],"wp:attachment":[{"href":"https:\/\/sigmaplasticos.com.br\/index.php\/wp-json\/wp\/v2\/media?parent=23"}],"curies":[{"name":"wp","href":"https:\/\/api.w.org\/{rel}","templated":true}]}}