{"id":24,"date":"2016-02-12T08:13:06","date_gmt":"2016-02-12T08:13:06","guid":{"rendered":"http:\/\/demos.famethemes.com\/onepress\/?page_id=24"},"modified":"2023-07-20T19:49:00","modified_gmt":"2023-07-20T19:49:00","slug":"service-title-2","status":"publish","type":"page","link":"https:\/\/sigmaplasticos.com.br\/index.php\/service-title-2\/","title":{"rendered":"Acr\u00edlico Espelhado"},"content":{"rendered":"\n<figure class=\"wp-block-image size-full\"><img loading=\"lazy\" decoding=\"async\" width=\"500\" height=\"262\" src=\"https:\/\/sigmaplasticos.com.br\/wp-content\/uploads\/2023\/07\/acrilico-espelhado_sigmaplasticos.jpg\" alt=\"\" class=\"wp-image-1554\" srcset=\"https:\/\/sigmaplasticos.com.br\/wp-content\/uploads\/2023\/07\/acrilico-espelhado_sigmaplasticos.jpg 500w, https:\/\/sigmaplasticos.com.br\/wp-content\/uploads\/2023\/07\/acrilico-espelhado_sigmaplasticos-300x157.jpg 300w\" sizes=\"auto, (max-width: 500px) 100vw, 500px\" \/><\/figure>\n\n\n<p>O <strong>Acr\u00edlico Espelhado<\/strong> \u00e9 um material inovador e sofisticado, que se destaca por sua apar\u00eancia brilhante e reflexiva, semelhante a um espelho convencional. Fabricado com resinas acr\u00edlicas de alta qualidade, possui uma superf\u00edcie lisa e polida que reflete a luz de forma excepcional, criando um efeito visual impactante em qualquer aplica\u00e7\u00e3o.<\/p>\n<p>Na <strong>Sigma Pl\u00e1sticos<\/strong>, oferecemos uma ampla variedade de produtos em <strong>Acr\u00edlico Espelhado<\/strong>, com diferentes cores e acabamentos, para atender \u00e0s necessidades espec\u00edficas dos nossos clientes. Temos desde tons cl\u00e1ssicos, como prata e dourado, at\u00e9 op\u00e7\u00f5es como vermelho e rosa entre outras.<\/p>\n<p>Essa diversidade de cores possibilita a personaliza\u00e7\u00e3o e a satisfa\u00e7\u00e3o dos projetos aos mais variados estilos e ambientes, sejam eles comerciais, residenciais ou art\u00edsticos. Al\u00e9m disso, o <strong>Acr\u00edlico Espelhado<\/strong> oferece resist\u00eancia a intemp\u00e9ries garantindo durabilidade e mantendo a beleza do material ao longo do tempo.<\/p>","protected":false},"excerpt":{"rendered":"<p>O Acr\u00edlico Espelhado \u00e9 um material inovador e sofisticado, que se destaca por sua apar\u00eancia brilhante e reflexiva, semelhante a um espelho convencional. Fabricado com resinas acr\u00edlicas de alta qualidade, &#8230;<\/p>\n","protected":false},"author":1,"featured_media":1554,"parent":0,"menu_order":0,"comment_status":"closed","ping_status":"closed","template":"","meta":{"footnotes":""},"class_list":["post-24","page","type-page","status-publish","has-post-thumbnail","hentry"],"_links":{"self":[{"href":"https:\/\/sigmaplasticos.com.br\/index.php\/wp-json\/wp\/v2\/pages\/24","targetHints":{"allow":["GET"]}}],"collection":[{"href":"https:\/\/sigmaplasticos.com.br\/index.php\/wp-json\/wp\/v2\/pages"}],"about":[{"href":"https:\/\/sigmaplasticos.com.br\/index.php\/wp-json\/wp\/v2\/types\/page"}],"author":[{"embeddable":true,"href":"https:\/\/sigmaplasticos.com.br\/index.php\/wp-json\/wp\/v2\/users\/1"}],"replies":[{"embeddable":true,"href":"https:\/\/sigmaplasticos.com.br\/index.php\/wp-json\/wp\/v2\/comments?post=24"}],"version-history":[{"count":7,"href":"https:\/\/sigmaplasticos.com.br\/index.php\/wp-json\/wp\/v2\/pages\/24\/revisions"}],"predecessor-version":[{"id":1557,"href":"https:\/\/sigmaplasticos.com.br\/index.php\/wp-json\/wp\/v2\/pages\/24\/revisions\/1557"}],"wp:featuredmedia":[{"embeddable":true,"href":"https:\/\/sigmaplasticos.com.br\/index.php\/wp-json\/wp\/v2\/media\/1554"}],"wp:attachment":[{"href":"https:\/\/sigmaplasticos.com.br\/index.php\/wp-json\/wp\/v2\/media?parent=24"}],"curies":[{"name":"wp","href":"https:\/\/api.w.org\/{rel}","templated":true}]}}